{"id":4995,"date":"2017-12-22T12:56:22","date_gmt":"2017-12-22T12:56:22","guid":{"rendered":"https:\/\/www.delicius.it\/?post_type=product&#038;p=4995"},"modified":"2018-01-16T09:32:26","modified_gmt":"2018-01-16T09:32:26","slug":"delicius-double","status":"publish","type":"product","link":"https:\/\/www.delicius.it\/de\/shop\/delicius-double\/","title":{"rendered":"Double Collection"},"content":{"rendered":"<p>Man nehme zwei Delicius Sardellenfilets \u2013 die Besten \u2013 und rolle diese zusammen. So entsteht DOUBLE, die neue doppelt so gro\u00dfe und doppelt so leckere Sardelle. Mit der Zugabe unserer ber\u00fchmten pikanten So\u00dfe, die nach einem geheimen Familienrezept zubereitet wird, bietet sich Ihnen nun der volle Geschmack in einer einzigen Dose.\u00a0 Sie erhalten die DOUBLE Sardellenfilets in pikanter So\u00dfe in unserer besonderen Box. Entdecken Sie dieses einzigartige Geschmackserlebnis.<\/p>\n<p>In dieser Delicius Sardellen-Box finden Sie die gesamte DOUBLE-Linie:<\/p>\n<ul>\n<li>3 St\u00fcck DOUBLE Gerollte Sardellenfilets in pikanter So\u00dfe, 60\u00a0g<\/li>\n<li>1 DOUBLE Gerollte Sardellenfilets in Oliven\u00f6l, 90\u00a0g<\/li>\n<li>1 DOUBLE Gerollte Sardellenfilets mit Pantelleria-Kapern in Oliven\u00f6l, 90\u00a0g<\/li>\n<li>1 DOUBLE Gerollte Sardellenfilets mit Chili in Oliven\u00f6l, 90\u00a0g<\/li>\n<\/ul>\n<p>Dank der <em>multipack-<\/em>Box werden die leckeren DOUBLE Sardellenfilets in Ihrer K\u00fcche nie fehlen!<\/p>\n","protected":false},"excerpt":{"rendered":"<p>Die ganze Sardellenlinie Delicius DOUBLE in einer Box.<\/p>\n<p>3 St\u00fcck DOUBLE Gerollte Sardellenfilets in einer pikanten So\u00dfe in der 60-g-Dose und 3 St\u00fcck DOUBLE Gerollte Sardellenfilets im 90-g-Glas (1 St\u00fcck pro Geschmacksrichtung).<\/p>\n","protected":false},"featured_media":4992,"template":"","meta":[],"product_brand":[],"product_cat":[178],"product_tag":[230],"class_list":{"0":"post-4995","1":"product","2":"type-product","3":"status-publish","4":"has-post-thumbnail","6":"product_cat-produkte","7":"product_tag-double-de","9":"first","10":"instock","11":"shipping-taxable","12":"purchasable","13":"product-type-simple"},"yoast_head":"<!-- This site is optimized with the Yoast SEO plugin v26.3 - https:\/\/yoast.com\/wordpress\/plugins\/seo\/ -->\n<title>Double Collection | Delicius Rizzoli Spa<\/title>\n<meta name=\"description\" content=\"3 St\u00fcck DOUBLE Gerollte Sardellenfilets in einer pikanten So\u00dfe in der 60-g-Dose und 3 St\u00fcck DOUBLE Gerollte Sardellenfilets im 90-g-Glas (1 St\u00fcck pro Geschmacksrichtung).\" \/>\n<meta name=\"robots\" content=\"index, follow, max-snippet:-1, max-image-preview:large, max-video-preview:-1\" \/>\n<meta property=\"og:locale\" content=\"de_DE\" \/>\n<meta property=\"og:type\" content=\"article\" \/>\n<meta property=\"og:title\" content=\"Double Collection | Delicius Rizzoli Spa\" \/>\n<meta property=\"og:description\" content=\"3 St\u00fcck DOUBLE Gerollte Sardellenfilets in einer pikanten So\u00dfe in der 60-g-Dose und 3 St\u00fcck DOUBLE Gerollte Sardellenfilets im 90-g-Glas (1 St\u00fcck pro Geschmacksrichtung).\" \/>\n<meta property=\"og:url\" content=\"https:\/\/www.delicius.it\/de\/shop\/delicius-double\/\" \/>\n<meta property=\"og:site_name\" content=\"Delicius\" \/>\n<meta property=\"article:publisher\" content=\"https:\/\/www.facebook.com\/delicius\" \/>\n<meta property=\"article:modified_time\" content=\"2018-01-16T09:32:26+00:00\" \/>\n<meta property=\"og:image\" content=\"https:\/\/www.delicius.it\/wp-content\/uploads\/2017\/12\/ecommercedouble.jpg\" \/>\n\t<meta property=\"og:image:width\" content=\"1000\" \/>\n\t<meta property=\"og:image:height\" content=\"1250\" \/>\n\t<meta property=\"og:image:type\" content=\"image\/jpeg\" \/>\n<meta name=\"twitter:card\" content=\"summary_large_image\" \/>\n<meta name=\"twitter:label1\" content=\"Gesch\u00e4tzte Lesezeit\" \/>\n\t<meta name=\"twitter:data1\" content=\"1\u00a0Minute\" \/>\n<script type=\"application\/ld+json\" class=\"yoast-schema-graph\">{\"@context\":\"https:\/\/schema.org\",\"@graph\":[{\"@type\":\"WebPage\",\"@id\":\"https:\/\/www.delicius.it\/de\/shop\/delicius-double\/\",\"url\":\"https:\/\/www.delicius.it\/de\/shop\/delicius-double\/\",\"name\":\"Double Collection | Delicius Rizzoli Spa\",\"isPartOf\":{\"@id\":\"https:\/\/www.delicius.it\/de\/#website\"},\"primaryImageOfPage\":{\"@id\":\"https:\/\/www.delicius.it\/de\/shop\/delicius-double\/#primaryimage\"},\"image\":{\"@id\":\"https:\/\/www.delicius.it\/de\/shop\/delicius-double\/#primaryimage\"},\"thumbnailUrl\":\"https:\/\/www.delicius.it\/wp-content\/uploads\/2017\/12\/ecommercedouble.jpg\",\"datePublished\":\"2017-12-22T12:56:22+00:00\",\"dateModified\":\"2018-01-16T09:32:26+00:00\",\"description\":\"3 St\u00fcck DOUBLE Gerollte Sardellenfilets in einer pikanten So\u00dfe in der 60-g-Dose und 3 St\u00fcck DOUBLE Gerollte Sardellenfilets im 90-g-Glas (1 St\u00fcck pro Geschmacksrichtung).\",\"breadcrumb\":{\"@id\":\"https:\/\/www.delicius.it\/de\/shop\/delicius-double\/#breadcrumb\"},\"inLanguage\":\"de\",\"potentialAction\":[{\"@type\":\"ReadAction\",\"target\":[\"https:\/\/www.delicius.it\/de\/shop\/delicius-double\/\"]}]},{\"@type\":\"ImageObject\",\"inLanguage\":\"de\",\"@id\":\"https:\/\/www.delicius.it\/de\/shop\/delicius-double\/#primaryimage\",\"url\":\"https:\/\/www.delicius.it\/wp-content\/uploads\/2017\/12\/ecommercedouble.jpg\",\"contentUrl\":\"https:\/\/www.delicius.it\/wp-content\/uploads\/2017\/12\/ecommercedouble.jpg\",\"width\":1000,\"height\":1250},{\"@type\":\"BreadcrumbList\",\"@id\":\"https:\/\/www.delicius.it\/de\/shop\/delicius-double\/#breadcrumb\",\"itemListElement\":[{\"@type\":\"ListItem\",\"position\":1,\"name\":\"Home\",\"item\":\"https:\/\/www.delicius.it\/de\/\"},{\"@type\":\"ListItem\",\"position\":2,\"name\":\"Shop\",\"item\":\"https:\/\/www.delicius.it\/de\/shop-2\/\"},{\"@type\":\"ListItem\",\"position\":3,\"name\":\"Double Collection\"}]},{\"@type\":\"WebSite\",\"@id\":\"https:\/\/www.delicius.it\/de\/#website\",\"url\":\"https:\/\/www.delicius.it\/de\/\",\"name\":\"Delicius\",\"description\":\"Parma seit 1974\",\"potentialAction\":[{\"@type\":\"SearchAction\",\"target\":{\"@type\":\"EntryPoint\",\"urlTemplate\":\"https:\/\/www.delicius.it\/de\/?s={search_term_string}\"},\"query-input\":{\"@type\":\"PropertyValueSpecification\",\"valueRequired\":true,\"valueName\":\"search_term_string\"}}],\"inLanguage\":\"de\"}]}<\/script>\n<!-- \/ Yoast SEO plugin. -->","yoast_head_json":{"title":"Double Collection | Delicius Rizzoli Spa","description":"3 St\u00fcck DOUBLE Gerollte Sardellenfilets in einer pikanten So\u00dfe in der 60-g-Dose und 3 St\u00fcck DOUBLE Gerollte Sardellenfilets im 90-g-Glas (1 St\u00fcck pro Geschmacksrichtung).","robots":{"index":"index","follow":"follow","max-snippet":"max-snippet:-1","max-image-preview":"max-image-preview:large","max-video-preview":"max-video-preview:-1"},"og_locale":"de_DE","og_type":"article","og_title":"Double Collection | Delicius Rizzoli Spa","og_description":"3 St\u00fcck DOUBLE Gerollte Sardellenfilets in einer pikanten So\u00dfe in der 60-g-Dose und 3 St\u00fcck DOUBLE Gerollte Sardellenfilets im 90-g-Glas (1 St\u00fcck pro Geschmacksrichtung).","og_url":"https:\/\/www.delicius.it\/de\/shop\/delicius-double\/","og_site_name":"Delicius","article_publisher":"https:\/\/www.facebook.com\/delicius","article_modified_time":"2018-01-16T09:32:26+00:00","og_image":[{"width":1000,"height":1250,"url":"https:\/\/www.delicius.it\/wp-content\/uploads\/2017\/12\/ecommercedouble.jpg","type":"image\/jpeg"}],"twitter_card":"summary_large_image","twitter_misc":{"Gesch\u00e4tzte Lesezeit":"1\u00a0Minute"},"schema":{"@context":"https:\/\/schema.org","@graph":[{"@type":"WebPage","@id":"https:\/\/www.delicius.it\/de\/shop\/delicius-double\/","url":"https:\/\/www.delicius.it\/de\/shop\/delicius-double\/","name":"Double Collection | Delicius Rizzoli Spa","isPartOf":{"@id":"https:\/\/www.delicius.it\/de\/#website"},"primaryImageOfPage":{"@id":"https:\/\/www.delicius.it\/de\/shop\/delicius-double\/#primaryimage"},"image":{"@id":"https:\/\/www.delicius.it\/de\/shop\/delicius-double\/#primaryimage"},"thumbnailUrl":"https:\/\/www.delicius.it\/wp-content\/uploads\/2017\/12\/ecommercedouble.jpg","datePublished":"2017-12-22T12:56:22+00:00","dateModified":"2018-01-16T09:32:26+00:00","description":"3 St\u00fcck DOUBLE Gerollte Sardellenfilets in einer pikanten So\u00dfe in der 60-g-Dose und 3 St\u00fcck DOUBLE Gerollte Sardellenfilets im 90-g-Glas (1 St\u00fcck pro Geschmacksrichtung).","breadcrumb":{"@id":"https:\/\/www.delicius.it\/de\/shop\/delicius-double\/#breadcrumb"},"inLanguage":"de","potentialAction":[{"@type":"ReadAction","target":["https:\/\/www.delicius.it\/de\/shop\/delicius-double\/"]}]},{"@type":"ImageObject","inLanguage":"de","@id":"https:\/\/www.delicius.it\/de\/shop\/delicius-double\/#primaryimage","url":"https:\/\/www.delicius.it\/wp-content\/uploads\/2017\/12\/ecommercedouble.jpg","contentUrl":"https:\/\/www.delicius.it\/wp-content\/uploads\/2017\/12\/ecommercedouble.jpg","width":1000,"height":1250},{"@type":"BreadcrumbList","@id":"https:\/\/www.delicius.it\/de\/shop\/delicius-double\/#breadcrumb","itemListElement":[{"@type":"ListItem","position":1,"name":"Home","item":"https:\/\/www.delicius.it\/de\/"},{"@type":"ListItem","position":2,"name":"Shop","item":"https:\/\/www.delicius.it\/de\/shop-2\/"},{"@type":"ListItem","position":3,"name":"Double Collection"}]},{"@type":"WebSite","@id":"https:\/\/www.delicius.it\/de\/#website","url":"https:\/\/www.delicius.it\/de\/","name":"Delicius","description":"Parma seit 1974","potentialAction":[{"@type":"SearchAction","target":{"@type":"EntryPoint","urlTemplate":"https:\/\/www.delicius.it\/de\/?s={search_term_string}"},"query-input":{"@type":"PropertyValueSpecification","valueRequired":true,"valueName":"search_term_string"}}],"inLanguage":"de"}]}},"_links":{"self":[{"href":"https:\/\/www.delicius.it\/de\/wp-json\/wp\/v2\/product\/4995","targetHints":{"allow":["GET"]}}],"collection":[{"href":"https:\/\/www.delicius.it\/de\/wp-json\/wp\/v2\/product"}],"about":[{"href":"https:\/\/www.delicius.it\/de\/wp-json\/wp\/v2\/types\/product"}],"wp:featuredmedia":[{"embeddable":true,"href":"https:\/\/www.delicius.it\/de\/wp-json\/wp\/v2\/media\/4992"}],"wp:attachment":[{"href":"https:\/\/www.delicius.it\/de\/wp-json\/wp\/v2\/media?parent=4995"}],"wp:term":[{"taxonomy":"product_brand","embeddable":true,"href":"https:\/\/www.delicius.it\/de\/wp-json\/wp\/v2\/product_brand?post=4995"},{"taxonomy":"product_cat","embeddable":true,"href":"https:\/\/www.delicius.it\/de\/wp-json\/wp\/v2\/product_cat?post=4995"},{"taxonomy":"product_tag","embeddable":true,"href":"https:\/\/www.delicius.it\/de\/wp-json\/wp\/v2\/product_tag?post=4995"}],"curies":[{"name":"wp","href":"https:\/\/api.w.org\/{rel}","templated":true}]}}